{"id":178,"date":"2025-12-11T15:01:16","date_gmt":"2025-12-11T15:01:16","guid":{"rendered":"https:\/\/galisz.hu\/?page_id=178"},"modified":"2025-12-11T15:01:16","modified_gmt":"2025-12-11T15:01:16","slug":"178-2","status":"publish","type":"page","link":"https:\/\/galisz.hu\/index.php\/178-2\/","title":{"rendered":""},"content":{"rendered":"\n<figure class=\"wp-block-image size-large\"><img loading=\"lazy\" decoding=\"async\" width=\"1024\" height=\"551\" src=\"https:\/\/galisz.hu\/wp-content\/uploads\/2025\/12\/ginop_4_1_4_19_2019_00318_c_fekvo_nyomdai-1024x551.png\" alt=\"\" class=\"wp-image-179\" srcset=\"https:\/\/galisz.hu\/wp-content\/uploads\/2025\/12\/ginop_4_1_4_19_2019_00318_c_fekvo_nyomdai-1024x551.png 1024w, https:\/\/galisz.hu\/wp-content\/uploads\/2025\/12\/ginop_4_1_4_19_2019_00318_c_fekvo_nyomdai-300x162.png 300w, https:\/\/galisz.hu\/wp-content\/uploads\/2025\/12\/ginop_4_1_4_19_2019_00318_c_fekvo_nyomdai-768x414.png 768w, https:\/\/galisz.hu\/wp-content\/uploads\/2025\/12\/ginop_4_1_4_19_2019_00318_c_fekvo_nyomdai-1536x827.png 1536w, https:\/\/galisz.hu\/wp-content\/uploads\/2025\/12\/ginop_4_1_4_19_2019_00318_c_fekvo_nyomdai.png 1573w\" sizes=\"auto, (max-width: 1024px) 100vw, 1024px\" \/><\/figure>\n\n\n\n<p><em>Kedvezm\u00e9nyezett neve:<\/em><em>&nbsp;<\/em><em>GALISZ Galvaniz\u00e1l\u00f3 Ipari \u00e9s Szolg\u00e1ltat\u00f3 Sz\u00f6vetkezeti Korl\u00e1tolt Felel\u0151ss\u00e9g\u0171 T\u00e1rsas\u00e1g<\/em><\/p>\n\n\n\n<p><em>A projekt c\u00edme:<\/em><em>&nbsp;<\/em><em>GALISZ Galvaniz\u00e1l\u00f3 Kft. \u00e9p\u00fclet\u00e9nek energetikai korszer\u0171s\u00edt\u00e9se napelemes rendszerrel<\/em><\/p>\n\n\n\n<p><em>A szerz\u0151d\u00f6tt t\u00e1mogat\u00e1s \u00f6sszege:&nbsp;<\/em><em>41 800&nbsp;000 Ft<\/em><\/p>\n\n\n\n<p><em>A t\u00e1mogat\u00e1s m\u00e9rt\u00e9ke: 55%<\/em><\/p>\n\n\n\n<p><em>A projekt \u00f6sszk\u00f6lts\u00e9ge: 76&nbsp;000&nbsp;000 Ft<\/em><\/p>\n\n\n\n<p><em>A projekt befejez\u00e9si d\u00e1tuma:&nbsp;<\/em><em>2021. 02. 26.<\/em><\/p>\n\n\n\n<p><em>A projekt azonos\u00edt\u00f3 sz\u00e1ma:<\/em><em>&nbsp;<\/em><em>GINOP-4.1.4-19-2019-00318<\/em><\/p>\n\n\n\n<p><em>Projekt bemutat\u00e1sa:<\/em><\/p>\n\n\n\n<p><em>A GALISZ Galvaniz\u00e1l\u00f3 Kft. fejleszt\u00e9si projektj\u00e9nek eredm\u00e9nyek\u00e9ppen napelemes rendszer telep\u00edt\u00e9se val\u00f3sult meg, amellyel a telephely\u00e9nek villamos-energia ig\u00e9nye 22,3%-ban kiv\u00e1lthat\u00f3v\u00e1 v\u00e1lt, mely m\u00e1r \u00edgy is jelent\u0151s k\u00f6lts\u00e9gcs\u00f6kken\u00e9st jelent a v\u00e1llalkoz\u00e1s sz\u00e1m\u00e1ra. A telep\u00edt\u00e9s k\u00f6zvetlen c\u00e9lja a villamos-energia r\u00e9szbeni kiv\u00e1lt\u00e1sa volt meg\u00fajul\u00f3 energiaforr\u00e1s hasznos\u00edt\u00e1s\u00e1val. Hossz\u00fa t\u00e1v\u00fa c\u00e9lunk volt a fejleszt\u00e9ssel a meg\u00fajul\u00f3 energiahordoz\u00f3k felhaszn\u00e1l\u00e1s\u00e1nak \u00f6szt\u00f6nz\u00e9se \u00e9s n\u00f6vel\u00e9se a t\u00e9rs\u00e9gben, az \u00fcvegh\u00e1zhat\u00e1s\u00fa g\u00e1zok kibocs\u00e1t\u00e1s\u00e1nak cs\u00f6kkent\u00e9se, valamint a v\u00e1llalkoz\u00e1s \u00e9ves kiad\u00e1sainak tervezhet\u0151bb\u00e9 t\u00e9tele. A fejleszt\u00e9s a legkorszer\u0171bb elj\u00e1r\u00e1s seg\u00edts\u00e9g\u00e9vel val\u00f3sult meg.<\/em><\/p>\n\n\n\n<p><em>A projektbe bevont \u00e9p\u00fcleten elhelyez\u00e9sre ker\u00fclt egy 273,43 kWp teljes\u00edtm\u00e9ny\u0171 napelemes rendszer. A fejleszt\u00e9s hat\u00e1s\u00e1ra az \u00e9ves villamosenergia fogyaszt\u00e1sunk k\u00f6zel 23 %-\u00e1t tudja kiv\u00e1ltani ezen rendszer, amellyel k\u00f6lts\u00e9geink is jelent\u0151s m\u00e9rt\u00e9kben cs\u00f6kkentek. A korszer\u0171s\u00edt\u00e9s k\u00f6vetkezt\u00e9ben jav\u00edtotta a c\u00e9g versenyk\u00e9pess\u00e9g\u00e9t \u00e9s er\u0151forr\u00e1s-hat\u00e9konys\u00e1g\u00e1t. Az \u00e9ves szinten felszabadul\u00f3 k\u00f6lts\u00e9geket \u00edgy a t\u00e1rsas\u00e1g tov\u00e1bbi tev\u00e9kenys\u00e9g\u00e9nek fejleszt\u00e9s\u00e9re, piaci poz\u00edci\u00f3j\u00e1nak meger\u0151s\u00edt\u00e9s\u00e9re tudja \u00e1tcsoportos\u00edtani.<\/em><\/p>\n\n\n\n<p><em>A fejleszt\u00e9s eredm\u00e9nyek\u00e9nt teh\u00e1t egy 250 kW n\u00e9vleges teljes\u00edtm\u00e9ny\u0171 napelemes rendszer telep\u00edt\u00e9se val\u00f3sult meg. A napelemek \u00f6sszteljes\u00edtm\u00e9nye: 273,43 kWp. A napelemes rendszer \u00e1ltal \u00e9ves szinten termelt villamos energia mennyis\u00e9ge: 300 773 kWh\/\u00e9v.<\/em><\/p>\n\n\n\n<p><em>Szeretn\u00e9nk, ha a j\u00f6v\u0151ben a z\u00f6ld energia min\u00e9l nagyobb fok\u00fa kihaszn\u00e1l\u00e1s\u00e1val k\u00f6rnyezetterhel\u00e9s\u00fck tov\u00e1bb cs\u00f6kkenne.<\/em><\/p>\n\n\n\n<p><em>A megval\u00f3s\u00edt\u00e1s helysz\u00edne: 9545 J\u00e1nosh\u00e1za, J\u00f3kai utca 5. hrsz.:021\/12<\/em><\/p>\n","protected":false},"excerpt":{"rendered":"<p>Kedvezm\u00e9nyezett neve:&nbsp;GALISZ Galvaniz\u00e1l\u00f3 Ipari \u00e9s Szolg\u00e1ltat\u00f3 Sz\u00f6vetkezeti Korl\u00e1tolt Felel\u0151ss\u00e9g\u0171 T\u00e1rsas\u00e1g A projekt c\u00edme:&nbsp;GALISZ Galvaniz\u00e1l\u00f3 Kft. \u00e9p\u00fclet\u00e9nek energetikai korszer\u0171s\u00edt\u00e9se napelemes rendszerrel A szerz\u0151d\u00f6tt t\u00e1mogat\u00e1s \u00f6sszege:&nbsp;41 800&nbsp;000 Ft A t\u00e1mogat\u00e1s m\u00e9rt\u00e9ke: 55% A projekt \u00f6sszk\u00f6lts\u00e9ge: 76&nbsp;000&nbsp;000 Ft A projekt befejez\u00e9si d\u00e1tuma:&nbsp;2021. 02. 26. A projekt azonos\u00edt\u00f3 sz\u00e1ma:&nbsp;GINOP-4.1.4-19-2019-00318 Projekt bemutat\u00e1sa: A GALISZ Galvaniz\u00e1l\u00f3 Kft. fejleszt\u00e9si projektj\u00e9nek eredm\u00e9nyek\u00e9ppen napelemes [&hellip;]<\/p>\n","protected":false},"author":1,"featured_media":0,"parent":0,"menu_order":0,"comment_status":"closed","ping_status":"closed","template":"","meta":{"site-sidebar-layout":"default","site-content-layout":"","ast-site-content-layout":"default","site-content-style":"default","site-sidebar-style":"default","ast-global-header-display":"","ast-banner-title-visibility":"","ast-main-header-display":"","ast-hfb-above-header-display":"","ast-hfb-below-header-display":"","ast-hfb-mobile-header-display":"","site-post-title":"","ast-breadcrumbs-content":"","ast-featured-img":"","footer-sml-layout":"","ast-disable-related-posts":"","theme-transparent-header-meta":"","adv-header-id-meta":"","stick-header-meta":"","header-above-stick-meta":"","header-main-stick-meta":"","header-below-stick-meta":"","astra-migrate-meta-layouts":"set","ast-page-background-enabled":"default","ast-page-background-meta":{"desktop":{"background-color":"var(--ast-global-color-4)","background-image":"","background-repeat":"repeat","background-position":"center center","background-size":"auto","background-attachment":"scroll","background-type":"","background-media":"","overlay-type":"","overlay-color":"","overlay-opacity":"","overlay-gradient":""},"tablet":{"background-color":"","background-image":"","background-repeat":"repeat","background-position":"center center","background-size":"auto","background-attachment":"scroll","background-type":"","background-media":"","overlay-type":"","overlay-color":"","overlay-opacity":"","overlay-gradient":""},"mobile":{"background-color":"","background-image":"","background-repeat":"repeat","background-position":"center center","background-size":"auto","background-attachment":"scroll","background-type":"","background-media":"","overlay-type":"","overlay-color":"","overlay-opacity":"","overlay-gradient":""}},"ast-content-background-meta":{"desktop":{"background-color":"var(--ast-global-color-5)","background-image":"","background-repeat":"repeat","background-position":"center center","background-size":"auto","background-attachment":"scroll","background-type":"","background-media":"","overlay-type":"","overlay-color":"","overlay-opacity":"","overlay-gradient":""},"tablet":{"background-color":"var(--ast-global-color-5)","background-image":"","background-repeat":"repeat","background-position":"center center","background-size":"auto","background-attachment":"scroll","background-type":"","background-media":"","overlay-type":"","overlay-color":"","overlay-opacity":"","overlay-gradient":""},"mobile":{"background-color":"var(--ast-global-color-5)","background-image":"","background-repeat":"repeat","background-position":"center center","background-size":"auto","background-attachment":"scroll","background-type":"","background-media":"","overlay-type":"","overlay-color":"","overlay-opacity":"","overlay-gradient":""}},"footnotes":""},"class_list":["post-178","page","type-page","status-publish","hentry"],"_links":{"self":[{"href":"https:\/\/galisz.hu\/index.php\/wp-json\/wp\/v2\/pages\/178","targetHints":{"allow":["GET"]}}],"collection":[{"href":"https:\/\/galisz.hu\/index.php\/wp-json\/wp\/v2\/pages"}],"about":[{"href":"https:\/\/galisz.hu\/index.php\/wp-json\/wp\/v2\/types\/page"}],"author":[{"embeddable":true,"href":"https:\/\/galisz.hu\/index.php\/wp-json\/wp\/v2\/users\/1"}],"replies":[{"embeddable":true,"href":"https:\/\/galisz.hu\/index.php\/wp-json\/wp\/v2\/comments?post=178"}],"version-history":[{"count":1,"href":"https:\/\/galisz.hu\/index.php\/wp-json\/wp\/v2\/pages\/178\/revisions"}],"predecessor-version":[{"id":180,"href":"https:\/\/galisz.hu\/index.php\/wp-json\/wp\/v2\/pages\/178\/revisions\/180"}],"wp:attachment":[{"href":"https:\/\/galisz.hu\/index.php\/wp-json\/wp\/v2\/media?parent=178"}],"curies":[{"name":"wp","href":"https:\/\/api.w.org\/{rel}","templated":true}]}}