{"id":6,"date":"2023-03-09T07:48:52","date_gmt":"2023-03-09T07:48:52","guid":{"rendered":"https:\/\/galisz.hu\/?page_id=6"},"modified":"2025-12-12T10:21:41","modified_gmt":"2025-12-12T10:21:41","slug":"home","status":"publish","type":"page","link":"https:\/\/galisz.hu\/","title":{"rendered":"Kezd\u0151lap"},"content":{"rendered":"\n<div class=\"wp-block-cover alignfull wp-duotone-unset-1\" style=\"min-height:720px;aspect-ratio:unset;\"><img loading=\"lazy\" decoding=\"async\" width=\"1920\" height=\"1080\" class=\"wp-block-cover__image-background wp-image-42\" alt=\"\" src=\"https:\/\/galisz.hu\/wp-content\/uploads\/2023\/03\/galisz8.png\" data-object-fit=\"cover\" srcset=\"https:\/\/galisz.hu\/wp-content\/uploads\/2023\/03\/galisz8.png 1920w, https:\/\/galisz.hu\/wp-content\/uploads\/2023\/03\/galisz8-300x169.png 300w, https:\/\/galisz.hu\/wp-content\/uploads\/2023\/03\/galisz8-1024x576.png 1024w, https:\/\/galisz.hu\/wp-content\/uploads\/2023\/03\/galisz8-768x432.png 768w, https:\/\/galisz.hu\/wp-content\/uploads\/2023\/03\/galisz8-1536x864.png 1536w\" sizes=\"auto, (max-width: 1920px) 100vw, 1920px\" \/><span aria-hidden=\"true\" class=\"wp-block-cover__background has-background-dim\"><\/span><div class=\"wp-block-cover__inner-container is-layout-flow wp-block-cover-is-layout-flow\">\n<h1 class=\"wp-block-heading has-text-align-center\"><em><strong>Galisz Galvaniz\u00e1l\u00f3 Kft.<\/strong><\/em><\/h1>\n<\/div><\/div>\n\n\n\n<div class=\"wp-block-group alignfull has-ast-global-color-5-background-color has-background is-layout-constrained wp-container-core-group-is-layout-9cedb757 wp-block-group-is-layout-constrained\" style=\"padding-bottom:0px\">\n<div class=\"wp-block-columns are-vertically-aligned-top is-layout-flex wp-container-core-columns-is-layout-00723822 wp-block-columns-is-layout-flex\">\n<div class=\"wp-block-column is-vertically-aligned-top is-layout-flow wp-container-core-column-is-layout-6b73ce23 wp-block-column-is-layout-flow\">\n<figure class=\"wp-block-image size-full is-resized\"><img loading=\"lazy\" decoding=\"async\" width=\"100\" height=\"100\" src=\"https:\/\/galisz.hu\/wp-content\/uploads\/2023\/03\/icons8-manufacturing-100.png\" alt=\"\" class=\"wp-image-61\" style=\"width:65px;height:65px\"\/><\/figure>\n\n\n\n<h3 class=\"wp-block-heading has-text-align-left\" style=\"margin-top:16px\"><\/h3>\n\n\n\n<p class=\"has-text-align-left\"><\/p>\n<\/div>\n\n\n\n<div class=\"wp-block-column is-vertically-aligned-top is-layout-flow wp-container-core-column-is-layout-6b73ce23 wp-block-column-is-layout-flow\">\n<figure class=\"wp-block-image size-full is-resized\"><img loading=\"lazy\" decoding=\"async\" width=\"100\" height=\"100\" src=\"https:\/\/galisz.hu\/wp-content\/uploads\/2023\/05\/icons8-hazard-warning-flasher-100.png\" alt=\"\" class=\"wp-image-88\" style=\"width:62px;height:62px\"\/><\/figure>\n\n\n\n<h3 class=\"wp-block-heading has-text-align-left\" style=\"margin-top:16px\"><\/h3>\n\n\n\n<p class=\"has-text-align-left\"><\/p>\n<\/div>\n\n\n\n<div class=\"wp-block-column is-vertically-aligned-top is-layout-flow wp-container-core-column-is-layout-6b73ce23 wp-block-column-is-layout-flow\">\n<figure class=\"wp-block-image size-full is-resized\"><img loading=\"lazy\" decoding=\"async\" width=\"100\" height=\"100\" src=\"https:\/\/galisz.hu\/wp-content\/uploads\/2023\/05\/icons8-combo-chart-100.png\" alt=\"\" class=\"wp-image-87\" style=\"width:60px;height:60px\"\/><\/figure>\n\n\n\n<h3 class=\"wp-block-heading has-text-align-left\" style=\"margin-top:16px\"><\/h3>\n\n\n\n<p class=\"has-text-align-left\"><\/p>\n<\/div>\n\n\n\n<div class=\"wp-block-column is-vertically-aligned-top is-layout-flow wp-container-core-column-is-layout-6b73ce23 wp-block-column-is-layout-flow\">\n<figure class=\"wp-block-image size-full is-resized\"><img loading=\"lazy\" decoding=\"async\" width=\"100\" height=\"100\" src=\"https:\/\/galisz.hu\/wp-content\/uploads\/2023\/05\/icons8-temperature-100.png\" alt=\"\" class=\"wp-image-89\" style=\"width:61px;height:61px\"\/><\/figure>\n\n\n\n<h3 class=\"wp-block-heading has-text-align-left\" style=\"margin-top:16px\"><\/h3>\n\n\n\n<p class=\"has-text-align-left\"><\/p>\n<\/div>\n<\/div>\n<\/div>\n\n\n\n<div class=\"wp-block-cover alignfull\"><img loading=\"lazy\" decoding=\"async\" width=\"1024\" height=\"576\" class=\"wp-block-cover__image-background wp-image-48\" alt=\"\" src=\"https:\/\/galisz.hu\/wp-content\/uploads\/2023\/03\/galisz992-1024x576.png\" data-object-fit=\"cover\" srcset=\"https:\/\/galisz.hu\/wp-content\/uploads\/2023\/03\/galisz992-1024x576.png 1024w, https:\/\/galisz.hu\/wp-content\/uploads\/2023\/03\/galisz992-300x169.png 300w, https:\/\/galisz.hu\/wp-content\/uploads\/2023\/03\/galisz992-768x432.png 768w, https:\/\/galisz.hu\/wp-content\/uploads\/2023\/03\/galisz992-1536x864.png 1536w, https:\/\/galisz.hu\/wp-content\/uploads\/2023\/03\/galisz992.png 1920w\" sizes=\"auto, (max-width: 1024px) 100vw, 1024px\" \/><span aria-hidden=\"true\" class=\"wp-block-cover__background has-background-dim\"><\/span><div class=\"wp-block-cover__inner-container is-layout-flow wp-block-cover-is-layout-flow\">\n<div class=\"inherit-container-width wp-block-group is-layout-constrained wp-container-core-group-is-layout-47ce07ec wp-block-group-is-layout-constrained\" style=\"padding-right:80px\">\n<h2 class=\"wp-block-heading\" style=\"padding-right:40px\">Bemutatkoz\u00e1s<\/h2>\n\n\n\n<p>A GALISZ Galvaniz\u00e1l\u00f3 Ipari \u00e9s Szolg\u00e1ltat\u00f3 Sz\u00f6vetkezeti Kft. 2007-ben alakult, teljes m\u00e9rt\u00e9kben csal\u00e1di<br>tulajdonban l\u00e9v\u0151 v\u00e1llalkoz\u00e1s. Jogel\u0151dje a Galisz Galvaniz\u00e1l\u00f3 Ipari Sz\u00f6vetkezet 1986 \u00f3ta folyamatosan<br>folytat fel\u00fcletkezel\u00e9si tev\u00e9kenys\u00e9get a J\u00e1nosh\u00e1zi telephelyen.<br>C\u00e9g\u00fcnk f\u0151tev\u00e9kenys\u00e9ge f\u00e9mfel\u00fclet-kezel\u00e9s.<br>\u00dczem\u00fcnkben jelenleg 6db f\u00fcggesztett soron, illetve 1db t\u00f6megsoron folyik a gy\u00e1rt\u00e1s. F\u00fcggesztett<br>technol\u00f3gi\u00e1t alkalmazva Zn bevonattal. ZnNi bevonat eset\u00e9ben transzparens \u00e9s fekete.<br>V\u00e1llalatunk tev\u00e9kenys\u00e9g\u00e9vel j\u00e1r\u00f3 jelent\u0151s m\u00e9rt\u00e9k\u0171 villamosenergia-felhaszn\u00e1l\u00e1st meg\u00fajul\u00f3<br>energiaforr\u00e1st alkalmaz\u00f3 napelemrendszerrel biztos\u00edtja. \u00c1tlagos statisztikai l\u00e9tsz\u00e1munk 2020-ban<br>\u00e1tl\u00e9pte a 100 f\u0151t.<br>C\u00e9lunk \u00fcgyfeleink min\u0151s\u00e9gi szolg\u00e1ltat\u00e1ssal t\u00f6rt\u00e9n\u0151 rugalmas kiszolg\u00e1l\u00e1sa. Ennek \u00e9rdek\u00e9ben nagy<br>hangs\u00falyt fektet\u00fcnk a folyamatos technol\u00f3giai \u00e9s eszk\u00f6zfejleszt\u00e9sekre.<br>Partnereink k\u00f6z\u00f6tt egyar\u00e1nt megtal\u00e1lhat\u00f3ak \u00e9p\u00edt\u0151ipari, aut\u00f3ipari \u00e9s egy\u00e9b ter\u00fcleten tev\u00e9kenyked\u0151<br>c\u00e9gek.<\/p>\n<\/div>\n<\/div><\/div>\n\n\n\n<div class=\"wp-block-group alignfull is-layout-constrained wp-container-core-group-is-layout-45b0ac4f wp-block-group-is-layout-constrained\" id=\"services\" style=\"padding-top:144px;padding-bottom:0px\">\n<h2 class=\"wp-block-heading\">Munkat\u00e1rsaink<\/h2>\n\n\n\n<h3 class=\"wp-block-heading\">\u00a0<\/h3>\n<pre><strong>Bozn\u00e1nski Ferenc B\u00e9la<\/strong><br \/>\u00dcgyvezet\u0151<\/pre>\n<pre><strong>K\u00f6rtv\u00e9lyesi Vince<\/strong><br \/>\u00dcgyvezet\u0151<br \/>+3630\/2379-163<br \/><a href=\"mailto:vince@galisz.hu\">vince@galisz.hu<\/a><\/pre>\n<pre><strong>J\u00e1mbor L\u00e1szl\u00f3<\/strong><br \/>\u00dczemvezet\u0151<br \/>+3630\/4637-319<br \/><a href=\"mailto:laszlo.jambor@galisz.hu\">laszlo.jambor@galisz.hu<\/a><\/pre>\n<pre><strong>Varga D\u00e1vid<\/strong><br \/>Logisztikai vezet\u0151<br \/>+3630\/3879-290<br \/><a href=\"mailto:varga.david@galisz.hu\">varga.david@galisz.hu<\/a><\/pre>\n<pre><strong>\u00d6lbei Szab\u00f3 Violetta<\/strong><br \/>P\u00e9nz\u00fcgy<br \/>+3695\/551-122<br \/><a href=\"mailto:violetta@galisz.hu\">violetta@galisz.hu<\/a><br \/><br \/><strong>F\u00fcrd\u0151s Laura<\/strong><br \/>Min\u0151s\u00e9g\u00fcgy<br \/>+3695\/551-124<br \/><a href=\"mailto:laura@galisz.hu\">laure@galisz.hu<\/a><\/pre>\n<pre><strong>Cs\u00e1sz\u00e1r \u00c9va, Varga Zolt\u00e1n<\/strong><br \/>Labor\u00e1nsok<br \/>+3695\/551-125<br \/><a href=\"mailto:labor@galisz.hu\">labor@galisz.hu<\/a><\/pre>\n<pre><strong>Kisfalusi G\u00e1bor<\/strong><br \/>Rakt\u00e1r<br \/>+3695\/551-123; +3695\/551-124<br \/><a href=\"mailto:gabor@galisz.hu\">gabor@galisz.hu<\/a><\/pre>\n\n\n\n<\/p>\n<\/div>\n\n\n\n<div class=\"wp-block-cover alignfull wp-duotone-000000-ffffff-2\" id=\"reviews\"><img loading=\"lazy\" decoding=\"async\" width=\"1920\" height=\"1080\" class=\"wp-block-cover__image-background wp-image-103\" alt=\"\" src=\"https:\/\/galisz.hu\/wp-content\/uploads\/2023\/05\/galisz998.png\" data-object-fit=\"cover\" srcset=\"https:\/\/galisz.hu\/wp-content\/uploads\/2023\/05\/galisz998.png 1920w, https:\/\/galisz.hu\/wp-content\/uploads\/2023\/05\/galisz998-300x169.png 300w, https:\/\/galisz.hu\/wp-content\/uploads\/2023\/05\/galisz998-1024x576.png 1024w, https:\/\/galisz.hu\/wp-content\/uploads\/2023\/05\/galisz998-768x432.png 768w, https:\/\/galisz.hu\/wp-content\/uploads\/2023\/05\/galisz998-1536x864.png 1536w\" sizes=\"auto, (max-width: 1920px) 100vw, 1920px\" \/><span aria-hidden=\"true\" class=\"wp-block-cover__background has-ast-global-color-4-background-color has-background-dim\"><\/span><div class=\"wp-block-cover__inner-container is-layout-flow wp-block-cover-is-layout-flow\">\n<div class=\"wp-block-group alignfull is-layout-constrained wp-container-core-group-is-layout-6a2cfb7b wp-block-group-is-layout-constrained\" id=\"reviews\">\n<figure class=\"wp-block-image aligncenter size-full\"><img loading=\"lazy\" decoding=\"async\" width=\"411\" height=\"155\" src=\"https:\/\/galisz.hu\/wp-content\/uploads\/2023\/03\/galisz_l-1.jpg\" alt=\"\" class=\"wp-image-51\" srcset=\"https:\/\/galisz.hu\/wp-content\/uploads\/2023\/03\/galisz_l-1.jpg 411w, https:\/\/galisz.hu\/wp-content\/uploads\/2023\/03\/galisz_l-1-300x113.jpg 300w\" sizes=\"auto, (max-width: 411px) 100vw, 411px\" \/><\/figure>\n\n\n\n<p><\/p>\n\n\n\n<p class=\"has-text-align-center\" style=\"font-size:22px;line-height:1.6\"><\/p>\n\n\n\n<p><\/p>\n<\/div>\n<\/div><\/div>\n\n\n\n<div class=\"wp-block-group alignfull is-layout-constrained wp-container-core-group-is-layout-3fee123f wp-block-group-is-layout-constrained\" id=\"whyus\" style=\"padding-top:144px;padding-bottom:144px\">\n<h2 class=\"wp-block-heading\">Tan\u00fas\u00edtv\u00e1nyok, dokumentumok<\/h2>\n\n\n\n<div class=\"wp-block-columns is-layout-flex wp-container-core-columns-is-layout-29aadeec wp-block-columns-is-layout-flex\" style=\"margin-top:60px\">\n<div class=\"wp-block-column is-layout-flow wp-container-core-column-is-layout-6b73ce23 wp-block-column-is-layout-flow\">\n<figure class=\"wp-block-image size-large\"><img loading=\"lazy\" decoding=\"async\" width=\"1024\" height=\"738\" src=\"https:\/\/galisz.hu\/wp-content\/uploads\/2023\/05\/1684320164_pages-to-jpg-0001-1024x738.jpg\" alt=\"\" class=\"wp-image-114\" srcset=\"https:\/\/galisz.hu\/wp-content\/uploads\/2023\/05\/1684320164_pages-to-jpg-0001-1024x738.jpg 1024w, https:\/\/galisz.hu\/wp-content\/uploads\/2023\/05\/1684320164_pages-to-jpg-0001-300x216.jpg 300w, https:\/\/galisz.hu\/wp-content\/uploads\/2023\/05\/1684320164_pages-to-jpg-0001-768x554.jpg 768w, https:\/\/galisz.hu\/wp-content\/uploads\/2023\/05\/1684320164_pages-to-jpg-0001-1536x1107.jpg 1536w, https:\/\/galisz.hu\/wp-content\/uploads\/2023\/05\/1684320164_pages-to-jpg-0001-2048x1476.jpg 2048w\" sizes=\"auto, (max-width: 1024px) 100vw, 1024px\" \/><\/figure>\n\n\n\n<h3 class=\"wp-block-heading\" style=\"margin-top:16px\"><\/h3>\n\n\n\n<p><\/p>\n\n\n\n<figure class=\"wp-block-image size-large\"><img loading=\"lazy\" decoding=\"async\" width=\"745\" height=\"1024\" src=\"https:\/\/galisz.hu\/wp-content\/uploads\/2023\/05\/ISO2-745x1024.jpg\" alt=\"\" class=\"wp-image-112\" srcset=\"https:\/\/galisz.hu\/wp-content\/uploads\/2023\/05\/ISO2-745x1024.jpg 745w, https:\/\/galisz.hu\/wp-content\/uploads\/2023\/05\/ISO2-218x300.jpg 218w, https:\/\/galisz.hu\/wp-content\/uploads\/2023\/05\/ISO2-768x1056.jpg 768w, https:\/\/galisz.hu\/wp-content\/uploads\/2023\/05\/ISO2-1117x1536.jpg 1117w, https:\/\/galisz.hu\/wp-content\/uploads\/2023\/05\/ISO2-1489x2048.jpg 1489w, https:\/\/galisz.hu\/wp-content\/uploads\/2023\/05\/ISO2.jpg 1700w\" sizes=\"auto, (max-width: 745px) 100vw, 745px\" \/><\/figure>\n<\/div>\n\n\n\n<div class=\"wp-block-column is-layout-flow wp-container-core-column-is-layout-6b73ce23 wp-block-column-is-layout-flow\">\n<figure class=\"wp-block-image size-full\"><img loading=\"lazy\" decoding=\"async\" width=\"640\" height=\"480\" src=\"https:\/\/galisz.hu\/wp-content\/uploads\/2023\/05\/Szech1.png\" alt=\"\" class=\"wp-image-109\" srcset=\"https:\/\/galisz.hu\/wp-content\/uploads\/2023\/05\/Szech1.png 640w, https:\/\/galisz.hu\/wp-content\/uploads\/2023\/05\/Szech1-300x225.png 300w\" sizes=\"auto, (max-width: 640px) 100vw, 640px\" \/><\/figure>\n\n\n\n<h3 class=\"wp-block-heading\" style=\"margin-top:16px\"><\/h3>\n\n\n\n<p><\/p>\n\n\n\n<figure class=\"wp-block-image size-large\"><img loading=\"lazy\" decoding=\"async\" width=\"745\" height=\"1024\" src=\"https:\/\/galisz.hu\/wp-content\/uploads\/2023\/05\/ISO1-745x1024.jpg\" alt=\"\" class=\"wp-image-111\" srcset=\"https:\/\/galisz.hu\/wp-content\/uploads\/2023\/05\/ISO1-745x1024.jpg 745w, https:\/\/galisz.hu\/wp-content\/uploads\/2023\/05\/ISO1-218x300.jpg 218w, https:\/\/galisz.hu\/wp-content\/uploads\/2023\/05\/ISO1-768x1056.jpg 768w, https:\/\/galisz.hu\/wp-content\/uploads\/2023\/05\/ISO1-1117x1536.jpg 1117w, https:\/\/galisz.hu\/wp-content\/uploads\/2023\/05\/ISO1-1489x2048.jpg 1489w, https:\/\/galisz.hu\/wp-content\/uploads\/2023\/05\/ISO1.jpg 1700w\" sizes=\"auto, (max-width: 745px) 100vw, 745px\" \/><\/figure>\n<\/div>\n\n\n\n<div class=\"wp-block-column is-layout-flow wp-container-core-column-is-layout-6b73ce23 wp-block-column-is-layout-flow\">\n<figure class=\"wp-block-image size-full\"><img loading=\"lazy\" decoding=\"async\" width=\"612\" height=\"411\" src=\"https:\/\/galisz.hu\/wp-content\/uploads\/2023\/05\/Szech2-e1684330505795.png\" alt=\"\" class=\"wp-image-110\" srcset=\"https:\/\/galisz.hu\/wp-content\/uploads\/2023\/05\/Szech2-e1684330505795.png 612w, https:\/\/galisz.hu\/wp-content\/uploads\/2023\/05\/Szech2-e1684330505795-300x201.png 300w\" sizes=\"auto, (max-width: 612px) 100vw, 612px\" \/><\/figure>\n\n\n\n<h3 class=\"wp-block-heading\" style=\"margin-top:16px\"><\/h3>\n\n\n\n<p><\/p>\n<\/div>\n<\/div>\n<\/div>\n\n\n\n<figure class=\"wp-block-image alignfull size-large\"><img loading=\"lazy\" decoding=\"async\" width=\"1024\" height=\"585\" src=\"https:\/\/galisz.hu\/wp-content\/uploads\/2023\/05\/1-2-1024x585.png\" alt=\"\" class=\"wp-image-118\" srcset=\"https:\/\/galisz.hu\/wp-content\/uploads\/2023\/05\/1-2-1024x585.png 1024w, https:\/\/galisz.hu\/wp-content\/uploads\/2023\/05\/1-2-300x171.png 300w, https:\/\/galisz.hu\/wp-content\/uploads\/2023\/05\/1-2-768x439.png 768w, https:\/\/galisz.hu\/wp-content\/uploads\/2023\/05\/1-2.png 1050w\" sizes=\"auto, (max-width: 1024px) 100vw, 1024px\" \/><\/figure>\n","protected":false},"excerpt":{"rendered":"<p>Munkat\u00e1rsaink \u00a0 Bozn\u00e1nski Ferenc B\u00e9la\u00dcgyvezet\u0151 K\u00f6rtv\u00e9lyesi Vince\u00dcgyvezet\u0151+3630\/2379-163vince@galisz.hu J\u00e1mbor L\u00e1szl\u00f3\u00dczemvezet\u0151+3630\/4637-319laszlo.jambor@galisz.hu Varga D\u00e1vidLogisztikai vezet\u0151+3630\/3879-290varga.david@galisz.hu \u00d6lbei Szab\u00f3 ViolettaP\u00e9nz\u00fcgy+3695\/551-122violetta@galisz.huF\u00fcrd\u0151s LauraMin\u0151s\u00e9g\u00fcgy+3695\/551-124laure@galisz.hu Cs\u00e1sz\u00e1r \u00c9va, Varga Zolt\u00e1nLabor\u00e1nsok+3695\/551-125labor@galisz.hu Kisfalusi G\u00e1borRakt\u00e1r+3695\/551-123; +3695\/551-124gabor@galisz.hu Tan\u00fas\u00edtv\u00e1nyok, dokumentumok<\/p>\n","protected":false},"author":1,"featured_media":0,"parent":0,"menu_order":0,"comment_status":"closed","ping_status":"closed","template":"","meta":{"site-sidebar-layout":"no-sidebar","site-content-layout":"plain-container","ast-site-content-layout":"normal-width-container","site-content-style":"unboxed","site-sidebar-style":"unboxed","ast-global-header-display":"","ast-banner-title-visibility":"","ast-main-header-display":"","ast-hfb-above-header-display":"","ast-hfb-below-header-display":"","ast-hfb-mobile-header-display":"","site-post-title":"disabled","ast-breadcrumbs-content":"","ast-featured-img":"","footer-sml-layout":"","ast-disable-related-posts":"","theme-transparent-header-meta":"enabled","adv-header-id-meta":"","stick-header-meta":"","header-above-stick-meta":"","header-main-stick-meta":"","header-below-stick-meta":"","astra-migrate-meta-layouts":"set","ast-page-background-enabled":"default","ast-page-background-meta":{"desktop":{"background-color":"var(--ast-global-color-4)","background-image":"","background-repeat":"repeat","background-position":"center center","background-size":"auto","background-attachment":"scroll","background-type":"","background-media":"","overlay-type":"","overlay-color":"","overlay-opacity":"","overlay-gradient":""},"tablet":{"background-color":"","background-image":"","background-repeat":"repeat","background-position":"center center","background-size":"auto","background-attachment":"scroll","background-type":"","background-media":"","overlay-type":"","overlay-color":"","overlay-opacity":"","overlay-gradient":""},"mobile":{"background-color":"","background-image":"","background-repeat":"repeat","background-position":"center center","background-size":"auto","background-attachment":"scroll","background-type":"","background-media":"","overlay-type":"","overlay-color":"","overlay-opacity":"","overlay-gradient":""}},"ast-content-background-meta":{"desktop":{"background-color":"var(--ast-global-color-5)","background-image":"","background-repeat":"repeat","background-position":"center center","background-size":"auto","background-attachment":"scroll","background-type":"","background-media":"","overlay-type":"","overlay-color":"","overlay-opacity":"","overlay-gradient":""},"tablet":{"background-color":"var(--ast-global-color-5)","background-image":"","background-repeat":"repeat","background-position":"center center","background-size":"auto","background-attachment":"scroll","background-type":"","background-media":"","overlay-type":"","overlay-color":"","overlay-opacity":"","overlay-gradient":""},"mobile":{"background-color":"var(--ast-global-color-5)","background-image":"","background-repeat":"repeat","background-position":"center center","background-size":"auto","background-attachment":"scroll","background-type":"","background-media":"","overlay-type":"","overlay-color":"","overlay-opacity":"","overlay-gradient":""}},"footnotes":""},"class_list":["post-6","page","type-page","status-publish","hentry"],"_links":{"self":[{"href":"https:\/\/galisz.hu\/index.php\/wp-json\/wp\/v2\/pages\/6","targetHints":{"allow":["GET"]}}],"collection":[{"href":"https:\/\/galisz.hu\/index.php\/wp-json\/wp\/v2\/pages"}],"about":[{"href":"https:\/\/galisz.hu\/index.php\/wp-json\/wp\/v2\/types\/page"}],"author":[{"embeddable":true,"href":"https:\/\/galisz.hu\/index.php\/wp-json\/wp\/v2\/users\/1"}],"replies":[{"embeddable":true,"href":"https:\/\/galisz.hu\/index.php\/wp-json\/wp\/v2\/comments?post=6"}],"version-history":[{"count":60,"href":"https:\/\/galisz.hu\/index.php\/wp-json\/wp\/v2\/pages\/6\/revisions"}],"predecessor-version":[{"id":185,"href":"https:\/\/galisz.hu\/index.php\/wp-json\/wp\/v2\/pages\/6\/revisions\/185"}],"wp:attachment":[{"href":"https:\/\/galisz.hu\/index.php\/wp-json\/wp\/v2\/media?parent=6"}],"curies":[{"name":"wp","href":"https:\/\/api.w.org\/{rel}","templated":true}]}}