{"id":96,"date":"2023-05-17T12:12:29","date_gmt":"2023-05-17T12:12:29","guid":{"rendered":"https:\/\/galisz.hu\/?page_id=96"},"modified":"2023-05-17T12:19:30","modified_gmt":"2023-05-17T12:19:30","slug":"bemutatkozas","status":"publish","type":"page","link":"https:\/\/galisz.hu\/index.php\/home\/bemutatkozas\/","title":{"rendered":"Bemutatkoz\u00e1s"},"content":{"rendered":"\n<div class=\"wp-block-cover alignfull\"><span aria-hidden=\"true\" class=\"wp-block-cover__background has-background-dim\"><\/span><img loading=\"lazy\" decoding=\"async\" width=\"1024\" height=\"576\" class=\"wp-block-cover__image-background wp-image-48\" alt=\"\" src=\"https:\/\/galisz.hu\/wp-content\/uploads\/2023\/03\/galisz992-1024x576.png\" data-object-fit=\"cover\" srcset=\"https:\/\/galisz.hu\/wp-content\/uploads\/2023\/03\/galisz992-1024x576.png 1024w, https:\/\/galisz.hu\/wp-content\/uploads\/2023\/03\/galisz992-300x169.png 300w, https:\/\/galisz.hu\/wp-content\/uploads\/2023\/03\/galisz992-768x432.png 768w, https:\/\/galisz.hu\/wp-content\/uploads\/2023\/03\/galisz992-1536x864.png 1536w, https:\/\/galisz.hu\/wp-content\/uploads\/2023\/03\/galisz992.png 1920w\" sizes=\"auto, (max-width: 1024px) 100vw, 1024px\" \/><div class=\"wp-block-cover__inner-container is-layout-flow wp-block-cover-is-layout-flow\">\n<div class=\"inherit-container-width wp-block-group is-layout-constrained wp-container-core-group-is-layout-47ce07ec wp-block-group-is-layout-constrained\" style=\"padding-right:80px\">\n<h2 class=\"wp-block-heading\" style=\"padding-right:40px\">Bemutatkoz\u00e1s<\/h2>\n\n\n\n<p>A GALISZ Galvaniz\u00e1l\u00f3 Ipari \u00e9s Szolg\u00e1ltat\u00f3 Sz\u00f6vetkezeti Kft. 2007-ben alakult, teljes m\u00e9rt\u00e9kben csal\u00e1di<br>tulajdonban l\u00e9v\u0151 v\u00e1llalkoz\u00e1s. Jogel\u0151dje a Galisz Galvaniz\u00e1l\u00f3 Ipari Sz\u00f6vetkezet 1986 \u00f3ta folyamatosan<br>folytat fel\u00fcletkezel\u00e9si tev\u00e9kenys\u00e9get a J\u00e1nosh\u00e1zi telephelyen.<br>C\u00e9g\u00fcnk f\u0151tev\u00e9kenys\u00e9ge f\u00e9mfel\u00fclet-kezel\u00e9s.<br>\u00dczem\u00fcnkben jelenleg 6db f\u00fcggesztett soron, illetve 1db t\u00f6megsoron folyik a gy\u00e1rt\u00e1s. F\u00fcggesztett<br>technol\u00f3gi\u00e1t alkalmazva Zn bevonattal. ZnNi bevonat eset\u00e9ben transzparens \u00e9s fekete.<br>V\u00e1llalatunk tev\u00e9kenys\u00e9g\u00e9vel j\u00e1r\u00f3 jelent\u0151s m\u00e9rt\u00e9k\u0171 villamosenergia-felhaszn\u00e1l\u00e1st meg\u00fajul\u00f3<br>energiaforr\u00e1st alkalmaz\u00f3 napelemrendszerrel biztos\u00edtja. \u00c1tlagos statisztikai l\u00e9tsz\u00e1munk 2020-ban<br>\u00e1tl\u00e9pte a 100 f\u0151t.<br>C\u00e9lunk \u00fcgyfeleink min\u0151s\u00e9gi szolg\u00e1ltat\u00e1ssal t\u00f6rt\u00e9n\u0151 rugalmas kiszolg\u00e1l\u00e1sa. Ennek \u00e9rdek\u00e9ben nagy<br>hangs\u00falyt fektet\u00fcnk a folyamatos technol\u00f3giai \u00e9s eszk\u00f6zfejleszt\u00e9sekre.<br>Partnereink k\u00f6z\u00f6tt egyar\u00e1nt megtal\u00e1lhat\u00f3ak \u00e9p\u00edt\u0151ipari, aut\u00f3ipari \u00e9s egy\u00e9b ter\u00fcleten tev\u00e9kenyked\u0151<br>c\u00e9gek.<\/p>\n<\/div>\n<\/div><\/div>\n","protected":false},"excerpt":{"rendered":"","protected":false},"author":1,"featured_media":0,"parent":6,"menu_order":0,"comment_status":"closed","ping_status":"closed","template":"","meta":{"site-sidebar-layout":"default","site-content-layout":"","ast-site-content-layout":"default","site-content-style":"default","site-sidebar-style":"default","ast-global-header-display":"","ast-banner-title-visibility":"","ast-main-header-display":"","ast-hfb-above-header-display":"","ast-hfb-below-header-display":"","ast-hfb-mobile-header-display":"","site-post-title":"disabled","ast-breadcrumbs-content":"","ast-featured-img":"","footer-sml-layout":"","ast-disable-related-posts":"","theme-transparent-header-meta":"","adv-header-id-meta":"","stick-header-meta":"","header-above-stick-meta":"","header-main-stick-meta":"","header-below-stick-meta":"","astra-migrate-meta-layouts":"default","ast-page-background-enabled":"default","ast-page-background-meta":{"desktop":{"background-color":"var(--ast-global-color-4)","background-image":"","background-repeat":"repeat","background-position":"center center","background-size":"auto","background-attachment":"scroll","background-type":"","background-media":"","overlay-type":"","overlay-color":"","overlay-opacity":"","overlay-gradient":""},"tablet":{"background-color":"","background-image":"","background-repeat":"repeat","background-position":"center center","background-size":"auto","background-attachment":"scroll","background-type":"","background-media":"","overlay-type":"","overlay-color":"","overlay-opacity":"","overlay-gradient":""},"mobile":{"background-color":"","background-image":"","background-repeat":"repeat","background-position":"center center","background-size":"auto","background-attachment":"scroll","background-type":"","background-media":"","overlay-type":"","overlay-color":"","overlay-opacity":"","overlay-gradient":""}},"ast-content-background-meta":{"desktop":{"background-color":"var(--ast-global-color-5)","background-image":"","background-repeat":"repeat","background-position":"center center","background-size":"auto","background-attachment":"scroll","background-type":"","background-media":"","overlay-type":"","overlay-color":"","overlay-opacity":"","overlay-gradient":""},"tablet":{"background-color":"var(--ast-global-color-5)","background-image":"","background-repeat":"repeat","background-position":"center center","background-size":"auto","background-attachment":"scroll","background-type":"","background-media":"","overlay-type":"","overlay-color":"","overlay-opacity":"","overlay-gradient":""},"mobile":{"background-color":"var(--ast-global-color-5)","background-image":"","background-repeat":"repeat","background-position":"center center","background-size":"auto","background-attachment":"scroll","background-type":"","background-media":"","overlay-type":"","overlay-color":"","overlay-opacity":"","overlay-gradient":""}},"footnotes":""},"class_list":["post-96","page","type-page","status-publish","hentry"],"_links":{"self":[{"href":"https:\/\/galisz.hu\/index.php\/wp-json\/wp\/v2\/pages\/96","targetHints":{"allow":["GET"]}}],"collection":[{"href":"https:\/\/galisz.hu\/index.php\/wp-json\/wp\/v2\/pages"}],"about":[{"href":"https:\/\/galisz.hu\/index.php\/wp-json\/wp\/v2\/types\/page"}],"author":[{"embeddable":true,"href":"https:\/\/galisz.hu\/index.php\/wp-json\/wp\/v2\/users\/1"}],"replies":[{"embeddable":true,"href":"https:\/\/galisz.hu\/index.php\/wp-json\/wp\/v2\/comments?post=96"}],"version-history":[{"count":2,"href":"https:\/\/galisz.hu\/index.php\/wp-json\/wp\/v2\/pages\/96\/revisions"}],"predecessor-version":[{"id":98,"href":"https:\/\/galisz.hu\/index.php\/wp-json\/wp\/v2\/pages\/96\/revisions\/98"}],"up":[{"embeddable":true,"href":"https:\/\/galisz.hu\/index.php\/wp-json\/wp\/v2\/pages\/6"}],"wp:attachment":[{"href":"https:\/\/galisz.hu\/index.php\/wp-json\/wp\/v2\/media?parent=96"}],"curies":[{"name":"wp","href":"https:\/\/api.w.org\/{rel}","templated":true}]}}