{"id":99,"date":"2023-05-17T12:21:25","date_gmt":"2023-05-17T12:21:25","guid":{"rendered":"https:\/\/galisz.hu\/?page_id=99"},"modified":"2025-04-09T11:24:55","modified_gmt":"2025-04-09T11:24:55","slug":"munkatarsaink","status":"publish","type":"page","link":"https:\/\/galisz.hu\/index.php\/home\/munkatarsaink\/","title":{"rendered":"Munkat\u00e1rsaink"},"content":{"rendered":"\n<div class=\"wp-block-group alignfull is-layout-constrained wp-container-core-group-is-layout-45b0ac4f wp-block-group-is-layout-constrained\" id=\"services\" style=\"padding-top:144px;padding-bottom:0px\">\n<h2 class=\"wp-block-heading\">Munkat\u00e1rsaink<\/h2>\n\n\n\n<div class=\"wp-block-columns is-layout-flex wp-container-core-columns-is-layout-60cbf9bb wp-block-columns-is-layout-flex\" style=\"margin-top:50px\">\n<div class=\"wp-block-column is-layout-flow wp-container-core-column-is-layout-6b73ce23 wp-block-column-is-layout-flow\">\n<h3 class=\"wp-block-heading\" style=\"margin-top:16px\">Bozn\u00e1nski Ferenc B\u00e9la<\/h3>\n\n\n\n<p>\u00dcgyvezet\u0151<\/p>\n\n\n\n<p><\/p>\n\n\n\n<p><\/p>\n\n\n\n<p><\/p>\n\n\n\n<h3 class=\"wp-block-heading\" style=\"margin-top:16px\">Varga D\u00e1vid<\/h3>\n\n\n\n<p>Logisztikai vezet\u0151<\/p>\n\n\n\n<p>+3630\/3879290<\/p>\n\n\n\n<p><a href=\"mailto:varga.david@galisz.hu\">varga.david@galisz.hu<\/a><\/p>\n<\/div>\n\n\n\n<div class=\"wp-block-column is-layout-flow wp-container-core-column-is-layout-6b73ce23 wp-block-column-is-layout-flow\">\n<h3 class=\"wp-block-heading\" style=\"margin-top:16px\">K\u00f6rtv\u00e9lyesi Vince<\/h3>\n\n\n\n<p>\u00dcgyvezet\u0151<\/p>\n\n\n\n<p>+3630\/2379-163<\/p>\n\n\n\n<p><a href=\"mailto:vince@galisz.hu\">vince@galisz.hu<\/a><\/p>\n\n\n\n<p><\/p>\n\n\n\n<h3 class=\"wp-block-heading\" style=\"margin-top:16px\">\u00d6lbei Szab\u00f3 Violetta<\/h3>\n\n\n\n<p>P\u00e9nz\u00fcgy<\/p>\n\n\n\n<p>+3695\/551-122<\/p>\n\n\n\n<p><a href=\"mailto:violetta@galisz.hu\">violetta@galisz.hu<\/a><\/p>\n<\/div>\n\n\n\n<div class=\"wp-block-column is-layout-flow wp-container-core-column-is-layout-6b73ce23 wp-block-column-is-layout-flow\">\n<h3 class=\"wp-block-heading\" style=\"margin-top:16px\">J\u00e1mbor L\u00e1szl\u00f3<\/h3>\n\n\n\n<p>\u00dczemvezet\u0151<\/p>\n\n\n\n<p>+3630\/4637-319<\/p>\n\n\n\n<p><a href=\"mailto:laszlo.jambor@galisz.hu\">laszlo.jambor@galisz.hu<\/a><\/p>\n\n\n\n<p><\/p>\n\n\n\n<h3 class=\"wp-block-heading\" style=\"margin-top:16px\">Cs\u00e1sz\u00e1r \u00c9va, Varga Zolt\u00e1n<\/h3>\n\n\n\n<p>Labor\u00e1nsok<\/p>\n\n\n\n<p>+3695\/551-125<\/p>\n\n\n\n<p><a href=\"mailto:labor@galisz.hu\">labor@galisz.hu<\/a><\/p>\n<\/div>\n<\/div>\n\n\n\n<h3 class=\"wp-block-heading\" style=\"margin-top:16px\">Kisfalusi G\u00e1bor<\/h3>\n\n\n\n<p>Rakt\u00e1r<\/p>\n\n\n\n<p>+3695\/551-123; +3695\/551-124<\/p>\n\n\n\n<p><a href=\"mailto:gabor@galisz.hu\">gabor@galisz.hu<\/a><\/p>\n<\/div>\n\n\n\n<p><\/p>\n","protected":false},"excerpt":{"rendered":"<p>Munkat\u00e1rsaink Bozn\u00e1nski Ferenc B\u00e9la \u00dcgyvezet\u0151 Varga D\u00e1vid Logisztikai vezet\u0151 +3630\/3879290 varga.david@galisz.hu K\u00f6rtv\u00e9lyesi Vince \u00dcgyvezet\u0151 +3630\/2379-163 vince@galisz.hu \u00d6lbei Szab\u00f3 Violetta P\u00e9nz\u00fcgy +3695\/551-122 violetta@galisz.hu J\u00e1mbor L\u00e1szl\u00f3 \u00dczemvezet\u0151 +3630\/4637-319 laszlo.jambor@galisz.hu Cs\u00e1sz\u00e1r \u00c9va, Varga Zolt\u00e1n Labor\u00e1nsok +3695\/551-125 labor@galisz.hu Kisfalusi G\u00e1bor Rakt\u00e1r +3695\/551-123; +3695\/551-124 gabor@galisz.hu<\/p>\n","protected":false},"author":1,"featured_media":0,"parent":6,"menu_order":0,"comment_status":"closed","ping_status":"closed","template":"","meta":{"site-sidebar-layout":"default","site-content-layout":"","ast-site-content-layout":"default","site-content-style":"default","site-sidebar-style":"default","ast-global-header-display":"","ast-banner-title-visibility":"","ast-main-header-display":"","ast-hfb-above-header-display":"","ast-hfb-below-header-display":"","ast-hfb-mobile-header-display":"","site-post-title":"disabled","ast-breadcrumbs-content":"","ast-featured-img":"","footer-sml-layout":"","ast-disable-related-posts":"","theme-transparent-header-meta":"","adv-header-id-meta":"","stick-header-meta":"","header-above-stick-meta":"","header-main-stick-meta":"","header-below-stick-meta":"","astra-migrate-meta-layouts":"set","ast-page-background-enabled":"default","ast-page-background-meta":{"desktop":{"background-color":"var(--ast-global-color-4)","background-image":"","background-repeat":"repeat","background-position":"center center","background-size":"auto","background-attachment":"scroll","background-type":"","background-media":"","overlay-type":"","overlay-color":"","overlay-opacity":"","overlay-gradient":""},"tablet":{"background-color":"","background-image":"","background-repeat":"repeat","background-position":"center center","background-size":"auto","background-attachment":"scroll","background-type":"","background-media":"","overlay-type":"","overlay-color":"","overlay-opacity":"","overlay-gradient":""},"mobile":{"background-color":"","background-image":"","background-repeat":"repeat","background-position":"center center","background-size":"auto","background-attachment":"scroll","background-type":"","background-media":"","overlay-type":"","overlay-color":"","overlay-opacity":"","overlay-gradient":""}},"ast-content-background-meta":{"desktop":{"background-color":"var(--ast-global-color-5)","background-image":"","background-repeat":"repeat","background-position":"center center","background-size":"auto","background-attachment":"scroll","background-type":"","background-media":"","overlay-type":"","overlay-color":"","overlay-opacity":"","overlay-gradient":""},"tablet":{"background-color":"var(--ast-global-color-5)","background-image":"","background-repeat":"repeat","background-position":"center center","background-size":"auto","background-attachment":"scroll","background-type":"","background-media":"","overlay-type":"","overlay-color":"","overlay-opacity":"","overlay-gradient":""},"mobile":{"background-color":"var(--ast-global-color-5)","background-image":"","background-repeat":"repeat","background-position":"center center","background-size":"auto","background-attachment":"scroll","background-type":"","background-media":"","overlay-type":"","overlay-color":"","overlay-opacity":"","overlay-gradient":""}},"footnotes":""},"class_list":["post-99","page","type-page","status-publish","hentry"],"_links":{"self":[{"href":"https:\/\/galisz.hu\/index.php\/wp-json\/wp\/v2\/pages\/99","targetHints":{"allow":["GET"]}}],"collection":[{"href":"https:\/\/galisz.hu\/index.php\/wp-json\/wp\/v2\/pages"}],"about":[{"href":"https:\/\/galisz.hu\/index.php\/wp-json\/wp\/v2\/types\/page"}],"author":[{"embeddable":true,"href":"https:\/\/galisz.hu\/index.php\/wp-json\/wp\/v2\/users\/1"}],"replies":[{"embeddable":true,"href":"https:\/\/galisz.hu\/index.php\/wp-json\/wp\/v2\/comments?post=99"}],"version-history":[{"count":6,"href":"https:\/\/galisz.hu\/index.php\/wp-json\/wp\/v2\/pages\/99\/revisions"}],"predecessor-version":[{"id":175,"href":"https:\/\/galisz.hu\/index.php\/wp-json\/wp\/v2\/pages\/99\/revisions\/175"}],"up":[{"embeddable":true,"href":"https:\/\/galisz.hu\/index.php\/wp-json\/wp\/v2\/pages\/6"}],"wp:attachment":[{"href":"https:\/\/galisz.hu\/index.php\/wp-json\/wp\/v2\/media?parent=99"}],"curies":[{"name":"wp","href":"https:\/\/api.w.org\/{rel}","templated":true}]}}